{"id":22,"date":"2022-07-27T12:06:40","date_gmt":"2022-07-27T10:06:40","guid":{"rendered":"https:\/\/der-moseltransfer.local\/widerruf\/"},"modified":"2024-11-12T11:24:14","modified_gmt":"2024-11-12T10:24:14","slug":"widerruf","status":"publish","type":"page","link":"https:\/\/moseltransfer.gonzalez-transporte.de\/en\/widerruf\/","title":{"rendered":"Widerruf"},"content":{"rendered":"<section class=\"l-section wpb_row height_auto\"><div class=\"l-section-h i-cf\"><div class=\"g-cols vc_row via_grid cols_1 laptops-cols_inherit tablets-cols_inherit mobiles-cols_1 valign_top type_default stacking_default\"><div class=\"wpb_column vc_column_container\"><div class=\"vc_column-inner\"><div class=\"wpb_text_column\"><div class=\"wpb_wrapper\"><p>Hier finden Sie unsere gesetzlichen Widerrufsbestimmungen. Sollten Sie sich jedoch bei Ihrer Bestellung bei nur einzelnen Etappen Ihrer Planung vertan haben, so nehmen Sie doch vor einem kompletten Widerruf einfach kurz Kontakt mit uns auf. Wir helfen Ihnen gerne weiter.<\/p>\n<\/div><\/div><\/div><\/div><\/div><\/div><\/section><section class=\"l-section wpb_row height_medium\"><div class=\"l-section-h i-cf\"><div class=\"g-cols vc_row via_grid cols_1 laptops-cols_inherit tablets-cols_inherit mobiles-cols_1 valign_top type_default stacking_default\"><div class=\"wpb_column vc_column_container\"><div class=\"vc_column-inner\"><div class=\"wpb_text_column\"><div class=\"wpb_wrapper\"><p><strong><span style=\"color: #ffcc00;\">Widerrufsbelehrung f\u00fcr die Erbringung von Dienstleistungen<\/span><\/strong><br \/>\nVerbrauchern steht ein gesetzliches Widerrufsrecht zu. Verbraucher ist jede nat\u00fcrliche Person, die ein Rechtsgesch\u00e4ft zu Zwecken abschlie\u00dft, die \u00fcberwiegend weder ihrer gewerblichen noch ihrer selbst\u00e4ndigen beruflichen T\u00e4tigkeit zugerechnet werden k\u00f6nnen (\u00a713 BGB).<\/p>\n<p><strong><span style=\"color: #ffcc00;\">Widerrufsrecht<\/span><\/strong><br \/>\nSie haben das Recht, binnen vierzehn Tagen ohne Angabe von Gr\u00fcnden diesen Vertrag zu widerrufen. Die Widerrufsfrist betr\u00e4gt vierzehn Tage ab dem Tag des Vertragsschlusses.<\/p>\n<p>Um Ihr Widerrufsrecht auszu\u00fcben, m\u00fcssen Sie uns mittels einer eindeutigen Erkl\u00e4rung (z.B. ein mit der Post versandter Brief, oder eine E-Mail) \u00fcber Ihren Entschluss, diesen Vertrag zu widerrufen, informieren. Sie k\u00f6nnen daf\u00fcr auch das nachfolgende Kontaktformular verwenden, das jedoch nicht vorgeschrieben ist. Zur Wahrung der Widerrufsfrist reicht es aus, dass Sie die Mitteilung \u00fcber die Aus\u00fcbung des Widerrufsrechts vor Ablauf der Widerrufsfrist absenden.<\/p>\n<p>Einen formlosen Widerruf richten Sie bitte an:<\/p>\n<p>Gonzalez-Transporte GmbH &amp; Co. KG<br \/>\nAuf der Wescher 15<br \/>\n54536 Kr\u00f6v<br \/>\nEmail: <a href=\"mailto:info@gonzalez-transporte.de\" target=\"_blank\" rel=\"noopener\">info@gonzalez-transporte.de<\/a><\/p>\n<p><strong><span style=\"color: #ffcc00;\">Folgen des Widerrufs<\/span><\/strong><br \/>\nWenn Sie diesen Vertrag widerrufen, haben wir Ihnen alle Zahlungen, die wir von Ihnen erhalten haben, unverz\u00fcglich und sp\u00e4testens binnen vierzehn Tagen ab dem Tag zur\u00fcckzuzahlen, an dem die Mitteilung \u00fcber Ihren Widerruf dieses Vertrags bei uns eingegangen ist. F\u00fcr diese R\u00fcckzahlung verwenden wir dasselbe Zahlungsmittel, das Sie bei der urspr\u00fcnglichen Transaktion eingesetzt haben, es sei denn, mit Ihnen wurde ausdr\u00fccklich etwas anderes vereinbart; in keinem Fall werden Ihnen wegen dieser R\u00fcckzahlung Entgelte berechnet.<\/p>\n<p>Haben Sie verlangt, dass die Dienstleistungen w\u00e4hrend der Widerrufsfrist beginnen sollen, so haben Sie uns den Betrag f\u00fcr die bis zum Zeitpunkt der Aus\u00fcbung des Widerrufsrechts bereits erbrachten Dienstleistungen zu bezahlen.<\/p>\n<\/div><\/div><\/div><\/div><\/div><\/div><\/section>","protected":false},"excerpt":{"rendered":"","protected":false},"author":2,"featured_media":0,"parent":0,"menu_order":0,"comment_status":"closed","ping_status":"closed","template":"","meta":{"inline_featured_image":false,"footnotes":""},"class_list":["post-22","page","type-page","status-publish","hentry"],"yoast_head":"<!-- This site is optimized with the Yoast SEO plugin v27.4 - https:\/\/yoast.com\/product\/yoast-seo-wordpress\/ -->\n<title>Widerruf - Gonzalez-Transporte GmbH &amp; Co. KG<\/title>\n<meta name=\"robots\" content=\"index, follow, max-snippet:-1, max-image-preview:large, max-video-preview:-1\" \/>\n<link rel=\"canonical\" href=\"https:\/\/moseltransfer.gonzalez-transporte.de\/en\/widerruf\/\" \/>\n<meta property=\"og:locale\" content=\"en_US\" \/>\n<meta property=\"og:type\" content=\"article\" \/>\n<meta property=\"og:title\" content=\"Widerruf - Gonzalez-Transporte GmbH &amp; Co. KG\" \/>\n<meta property=\"og:url\" content=\"https:\/\/moseltransfer.gonzalez-transporte.de\/en\/widerruf\/\" \/>\n<meta property=\"og:site_name\" content=\"Gonzalez-Transporte GmbH &amp; Co. KG\" \/>\n<meta property=\"article:modified_time\" content=\"2024-11-12T10:24:14+00:00\" \/>\n<meta name=\"twitter:card\" content=\"summary_large_image\" \/>\n<meta name=\"twitter:label1\" content=\"Est. reading time\" \/>\n\t<meta name=\"twitter:data1\" content=\"2 minutes\" \/>\n<script type=\"application\/ld+json\" class=\"yoast-schema-graph\">{\"@context\":\"https:\\\/\\\/schema.org\",\"@graph\":[{\"@type\":\"WebPage\",\"@id\":\"https:\\\/\\\/moseltransfer.gonzalez-transporte.de\\\/widerruf\\\/\",\"url\":\"https:\\\/\\\/moseltransfer.gonzalez-transporte.de\\\/widerruf\\\/\",\"name\":\"Widerruf - Gonzalez-Transporte GmbH &amp; Co. KG\",\"isPartOf\":{\"@id\":\"https:\\\/\\\/moseltransfer.gonzalez-transporte.de\\\/#website\"},\"datePublished\":\"2022-07-27T10:06:40+00:00\",\"dateModified\":\"2024-11-12T10:24:14+00:00\",\"breadcrumb\":{\"@id\":\"https:\\\/\\\/moseltransfer.gonzalez-transporte.de\\\/widerruf\\\/#breadcrumb\"},\"inLanguage\":\"en-US\",\"potentialAction\":[{\"@type\":\"ReadAction\",\"target\":[\"https:\\\/\\\/moseltransfer.gonzalez-transporte.de\\\/widerruf\\\/\"]}]},{\"@type\":\"BreadcrumbList\",\"@id\":\"https:\\\/\\\/moseltransfer.gonzalez-transporte.de\\\/widerruf\\\/#breadcrumb\",\"itemListElement\":[{\"@type\":\"ListItem\",\"position\":1,\"name\":\"Startseite\",\"item\":\"https:\\\/\\\/moseltransfer.gonzalez-transporte.de\\\/\"},{\"@type\":\"ListItem\",\"position\":2,\"name\":\"Widerruf\"}]},{\"@type\":\"WebSite\",\"@id\":\"https:\\\/\\\/moseltransfer.gonzalez-transporte.de\\\/#website\",\"url\":\"https:\\\/\\\/moseltransfer.gonzalez-transporte.de\\\/\",\"name\":\"Gonzalez-Transporte GmbH &amp; Co. KG\",\"description\":\"Moseltransfer - Gep\u00e4ck- und Fahrrad-Transporte\",\"publisher\":{\"@id\":\"https:\\\/\\\/moseltransfer.gonzalez-transporte.de\\\/#organization\"},\"potentialAction\":[{\"@type\":\"SearchAction\",\"target\":{\"@type\":\"EntryPoint\",\"urlTemplate\":\"https:\\\/\\\/moseltransfer.gonzalez-transporte.de\\\/?s={search_term_string}\"},\"query-input\":{\"@type\":\"PropertyValueSpecification\",\"valueRequired\":true,\"valueName\":\"search_term_string\"}}],\"inLanguage\":\"en-US\"},{\"@type\":\"Organization\",\"@id\":\"https:\\\/\\\/moseltransfer.gonzalez-transporte.de\\\/#organization\",\"name\":\"Gonzalez-Transporte GmbH &amp; Co. KG\",\"url\":\"https:\\\/\\\/moseltransfer.gonzalez-transporte.de\\\/\",\"logo\":{\"@type\":\"ImageObject\",\"inLanguage\":\"en-US\",\"@id\":\"https:\\\/\\\/moseltransfer.gonzalez-transporte.de\\\/#\\\/schema\\\/logo\\\/image\\\/\",\"url\":\"https:\\\/\\\/moseltransfer.gonzalez-transporte.de\\\/wp-content\\\/uploads\\\/2022\\\/08\\\/Quadrat-01-Artboard-1-scaled.jpg\",\"contentUrl\":\"https:\\\/\\\/moseltransfer.gonzalez-transporte.de\\\/wp-content\\\/uploads\\\/2022\\\/08\\\/Quadrat-01-Artboard-1-scaled.jpg\",\"width\":2560,\"height\":2560,\"caption\":\"Gonzalez-Transporte GmbH &amp; Co. KG\"},\"image\":{\"@id\":\"https:\\\/\\\/moseltransfer.gonzalez-transporte.de\\\/#\\\/schema\\\/logo\\\/image\\\/\"}}]}<\/script>\n<!-- \/ Yoast SEO plugin. -->","yoast_head_json":{"title":"Widerruf - Gonzalez-Transporte GmbH &amp; Co. KG","robots":{"index":"index","follow":"follow","max-snippet":"max-snippet:-1","max-image-preview":"max-image-preview:large","max-video-preview":"max-video-preview:-1"},"canonical":"https:\/\/moseltransfer.gonzalez-transporte.de\/en\/widerruf\/","og_locale":"en_US","og_type":"article","og_title":"Widerruf - Gonzalez-Transporte GmbH &amp; Co. KG","og_url":"https:\/\/moseltransfer.gonzalez-transporte.de\/en\/widerruf\/","og_site_name":"Gonzalez-Transporte GmbH &amp; Co. KG","article_modified_time":"2024-11-12T10:24:14+00:00","twitter_card":"summary_large_image","twitter_misc":{"Est. reading time":"2 minutes"},"schema":{"@context":"https:\/\/schema.org","@graph":[{"@type":"WebPage","@id":"https:\/\/moseltransfer.gonzalez-transporte.de\/widerruf\/","url":"https:\/\/moseltransfer.gonzalez-transporte.de\/widerruf\/","name":"Widerruf - Gonzalez-Transporte GmbH &amp; Co. KG","isPartOf":{"@id":"https:\/\/moseltransfer.gonzalez-transporte.de\/#website"},"datePublished":"2022-07-27T10:06:40+00:00","dateModified":"2024-11-12T10:24:14+00:00","breadcrumb":{"@id":"https:\/\/moseltransfer.gonzalez-transporte.de\/widerruf\/#breadcrumb"},"inLanguage":"en-US","potentialAction":[{"@type":"ReadAction","target":["https:\/\/moseltransfer.gonzalez-transporte.de\/widerruf\/"]}]},{"@type":"BreadcrumbList","@id":"https:\/\/moseltransfer.gonzalez-transporte.de\/widerruf\/#breadcrumb","itemListElement":[{"@type":"ListItem","position":1,"name":"Startseite","item":"https:\/\/moseltransfer.gonzalez-transporte.de\/"},{"@type":"ListItem","position":2,"name":"Widerruf"}]},{"@type":"WebSite","@id":"https:\/\/moseltransfer.gonzalez-transporte.de\/#website","url":"https:\/\/moseltransfer.gonzalez-transporte.de\/","name":"Gonzalez-Transporte GmbH &amp; Co. KG","description":"Moseltransfer - Gep\u00e4ck- und Fahrrad-Transporte","publisher":{"@id":"https:\/\/moseltransfer.gonzalez-transporte.de\/#organization"},"potentialAction":[{"@type":"SearchAction","target":{"@type":"EntryPoint","urlTemplate":"https:\/\/moseltransfer.gonzalez-transporte.de\/?s={search_term_string}"},"query-input":{"@type":"PropertyValueSpecification","valueRequired":true,"valueName":"search_term_string"}}],"inLanguage":"en-US"},{"@type":"Organization","@id":"https:\/\/moseltransfer.gonzalez-transporte.de\/#organization","name":"Gonzalez-Transporte GmbH &amp; Co. KG","url":"https:\/\/moseltransfer.gonzalez-transporte.de\/","logo":{"@type":"ImageObject","inLanguage":"en-US","@id":"https:\/\/moseltransfer.gonzalez-transporte.de\/#\/schema\/logo\/image\/","url":"https:\/\/moseltransfer.gonzalez-transporte.de\/wp-content\/uploads\/2022\/08\/Quadrat-01-Artboard-1-scaled.jpg","contentUrl":"https:\/\/moseltransfer.gonzalez-transporte.de\/wp-content\/uploads\/2022\/08\/Quadrat-01-Artboard-1-scaled.jpg","width":2560,"height":2560,"caption":"Gonzalez-Transporte GmbH &amp; Co. KG"},"image":{"@id":"https:\/\/moseltransfer.gonzalez-transporte.de\/#\/schema\/logo\/image\/"}}]}},"_links":{"self":[{"href":"https:\/\/moseltransfer.gonzalez-transporte.de\/en\/wp-json\/wp\/v2\/pages\/22","targetHints":{"allow":["GET"]}}],"collection":[{"href":"https:\/\/moseltransfer.gonzalez-transporte.de\/en\/wp-json\/wp\/v2\/pages"}],"about":[{"href":"https:\/\/moseltransfer.gonzalez-transporte.de\/en\/wp-json\/wp\/v2\/types\/page"}],"author":[{"embeddable":true,"href":"https:\/\/moseltransfer.gonzalez-transporte.de\/en\/wp-json\/wp\/v2\/users\/2"}],"replies":[{"embeddable":true,"href":"https:\/\/moseltransfer.gonzalez-transporte.de\/en\/wp-json\/wp\/v2\/comments?post=22"}],"version-history":[{"count":37,"href":"https:\/\/moseltransfer.gonzalez-transporte.de\/en\/wp-json\/wp\/v2\/pages\/22\/revisions"}],"predecessor-version":[{"id":1091,"href":"https:\/\/moseltransfer.gonzalez-transporte.de\/en\/wp-json\/wp\/v2\/pages\/22\/revisions\/1091"}],"wp:attachment":[{"href":"https:\/\/moseltransfer.gonzalez-transporte.de\/en\/wp-json\/wp\/v2\/media?parent=22"}],"curies":[{"name":"wp","href":"https:\/\/api.w.org\/{rel}","templated":true}]}}