{"id":25,"date":"2022-07-27T12:06:40","date_gmt":"2022-07-27T10:06:40","guid":{"rendered":"https:\/\/der-moseltransfer.local\/zahlungsweisen\/"},"modified":"2024-03-20T14:10:32","modified_gmt":"2024-03-20T13:10:32","slug":"zahlungsweisen","status":"publish","type":"page","link":"https:\/\/moseltransfer.gonzalez-transporte.de\/en\/zahlungsweisen\/","title":{"rendered":"Zahlungsweisen"},"content":{"rendered":"<section class=\"l-section wpb_row height_medium\"><div class=\"l-section-h i-cf\"><div class=\"g-cols vc_row via_grid cols_1 laptops-cols_inherit tablets-cols_inherit mobiles-cols_1 valign_top type_default stacking_default\"><div class=\"wpb_column vc_column_container\"><div class=\"vc_column-inner\"><div class=\"wpb_text_column\"><div class=\"wpb_wrapper\"><p><strong><span style=\"color: #ffcc00;\">Sie haben die Wahl<\/span><\/strong><br \/>\nWelche der von uns angebotenen Zahlungsmethoden Sie verwenden m\u00f6chten, d\u00fcrfen Sie selbst entscheiden. Die in unseren Angeboten aufgef\u00fchrten Preise stellen Endpreise dar. Sie beinhalten alle Preisbestandteile einschlie\u00dflich etwaig anfallender Steuern wie z.B. die gesetzliche Mehrwertsteuer. Durch den elektronischen Versand der Best\u00e4tigung und Rechnung entstehen keine zus\u00e4tzlichen Liefer- und Versandkosten.<\/p>\n<p><strong><span style=\"color: #ffcc00;\">SEPA-Lastschrift<\/span><\/strong><br \/>\nWir ziehen den Rechnungsbetrag von Ihrem Bankkonto ein, sobald alle Details zu Ihrem Auftrag besprochen und durch uns r\u00fcckbest\u00e4stigt worden sind.<\/p>\n<p><strong><span style=\"color: #ffcc00;\">\u00dcberweisung<\/span><\/strong><br \/>\nEine Zahlung des Rechnungsbetrages per \u00dcberweisung ist ebenfalls m\u00f6glich. Hierzu \u00fcberweisen Sie den Rechnungsbetrag Ihres Auftrages einfach binnen einer Woche nach Zugang der Best\u00e4tigung auf unser Bankkonto.<\/p>\n<p><strong><span style=\"color: #ffcc00;\">Kreditkarte<\/span><\/strong><br \/>\nZahlen Sie ganz einfach per Kreditkarte. Wenn Sie diese Zahlmethode w\u00fcnschen, fragen wir Ihre Daten mit dem Versand der Auftragsbest\u00e4tigung ab.<\/p>\n<\/div><\/div><\/div><\/div><\/div><\/div><\/section>","protected":false},"excerpt":{"rendered":"","protected":false},"author":2,"featured_media":0,"parent":0,"menu_order":0,"comment_status":"closed","ping_status":"closed","template":"","meta":{"inline_featured_image":false,"footnotes":""},"class_list":["post-25","page","type-page","status-publish","hentry"],"yoast_head":"<!-- This site is optimized with the Yoast SEO plugin v27.4 - https:\/\/yoast.com\/product\/yoast-seo-wordpress\/ -->\n<title>Zahlungsweisen - Gonzalez-Transporte GmbH &amp; Co. KG<\/title>\n<meta name=\"robots\" content=\"index, follow, max-snippet:-1, max-image-preview:large, max-video-preview:-1\" \/>\n<link rel=\"canonical\" href=\"https:\/\/moseltransfer.gonzalez-transporte.de\/en\/zahlungsweisen\/\" \/>\n<meta property=\"og:locale\" content=\"en_US\" \/>\n<meta property=\"og:type\" content=\"article\" \/>\n<meta property=\"og:title\" content=\"Zahlungsweisen - Gonzalez-Transporte GmbH &amp; Co. KG\" \/>\n<meta property=\"og:url\" content=\"https:\/\/moseltransfer.gonzalez-transporte.de\/en\/zahlungsweisen\/\" \/>\n<meta property=\"og:site_name\" content=\"Gonzalez-Transporte GmbH &amp; Co. KG\" \/>\n<meta property=\"article:modified_time\" content=\"2024-03-20T13:10:32+00:00\" \/>\n<meta name=\"twitter:card\" content=\"summary_large_image\" \/>\n<meta name=\"twitter:label1\" content=\"Est. reading time\" \/>\n\t<meta name=\"twitter:data1\" content=\"1 minute\" \/>\n<script type=\"application\/ld+json\" class=\"yoast-schema-graph\">{\"@context\":\"https:\\\/\\\/schema.org\",\"@graph\":[{\"@type\":\"WebPage\",\"@id\":\"https:\\\/\\\/moseltransfer.gonzalez-transporte.de\\\/zahlungsweisen\\\/\",\"url\":\"https:\\\/\\\/moseltransfer.gonzalez-transporte.de\\\/zahlungsweisen\\\/\",\"name\":\"Zahlungsweisen - Gonzalez-Transporte GmbH &amp; Co. KG\",\"isPartOf\":{\"@id\":\"https:\\\/\\\/moseltransfer.gonzalez-transporte.de\\\/#website\"},\"datePublished\":\"2022-07-27T10:06:40+00:00\",\"dateModified\":\"2024-03-20T13:10:32+00:00\",\"breadcrumb\":{\"@id\":\"https:\\\/\\\/moseltransfer.gonzalez-transporte.de\\\/zahlungsweisen\\\/#breadcrumb\"},\"inLanguage\":\"en-US\",\"potentialAction\":[{\"@type\":\"ReadAction\",\"target\":[\"https:\\\/\\\/moseltransfer.gonzalez-transporte.de\\\/zahlungsweisen\\\/\"]}]},{\"@type\":\"BreadcrumbList\",\"@id\":\"https:\\\/\\\/moseltransfer.gonzalez-transporte.de\\\/zahlungsweisen\\\/#breadcrumb\",\"itemListElement\":[{\"@type\":\"ListItem\",\"position\":1,\"name\":\"Startseite\",\"item\":\"https:\\\/\\\/moseltransfer.gonzalez-transporte.de\\\/\"},{\"@type\":\"ListItem\",\"position\":2,\"name\":\"Zahlungsweisen\"}]},{\"@type\":\"WebSite\",\"@id\":\"https:\\\/\\\/moseltransfer.gonzalez-transporte.de\\\/#website\",\"url\":\"https:\\\/\\\/moseltransfer.gonzalez-transporte.de\\\/\",\"name\":\"Gonzalez-Transporte GmbH &amp; Co. KG\",\"description\":\"Moseltransfer - Gep\u00e4ck- und Fahrrad-Transporte\",\"publisher\":{\"@id\":\"https:\\\/\\\/moseltransfer.gonzalez-transporte.de\\\/#organization\"},\"potentialAction\":[{\"@type\":\"SearchAction\",\"target\":{\"@type\":\"EntryPoint\",\"urlTemplate\":\"https:\\\/\\\/moseltransfer.gonzalez-transporte.de\\\/?s={search_term_string}\"},\"query-input\":{\"@type\":\"PropertyValueSpecification\",\"valueRequired\":true,\"valueName\":\"search_term_string\"}}],\"inLanguage\":\"en-US\"},{\"@type\":\"Organization\",\"@id\":\"https:\\\/\\\/moseltransfer.gonzalez-transporte.de\\\/#organization\",\"name\":\"Gonzalez-Transporte GmbH &amp; Co. KG\",\"url\":\"https:\\\/\\\/moseltransfer.gonzalez-transporte.de\\\/\",\"logo\":{\"@type\":\"ImageObject\",\"inLanguage\":\"en-US\",\"@id\":\"https:\\\/\\\/moseltransfer.gonzalez-transporte.de\\\/#\\\/schema\\\/logo\\\/image\\\/\",\"url\":\"https:\\\/\\\/moseltransfer.gonzalez-transporte.de\\\/wp-content\\\/uploads\\\/2022\\\/08\\\/Quadrat-01-Artboard-1-scaled.jpg\",\"contentUrl\":\"https:\\\/\\\/moseltransfer.gonzalez-transporte.de\\\/wp-content\\\/uploads\\\/2022\\\/08\\\/Quadrat-01-Artboard-1-scaled.jpg\",\"width\":2560,\"height\":2560,\"caption\":\"Gonzalez-Transporte GmbH &amp; Co. KG\"},\"image\":{\"@id\":\"https:\\\/\\\/moseltransfer.gonzalez-transporte.de\\\/#\\\/schema\\\/logo\\\/image\\\/\"}}]}<\/script>\n<!-- \/ Yoast SEO plugin. -->","yoast_head_json":{"title":"Zahlungsweisen - Gonzalez-Transporte GmbH &amp; Co. KG","robots":{"index":"index","follow":"follow","max-snippet":"max-snippet:-1","max-image-preview":"max-image-preview:large","max-video-preview":"max-video-preview:-1"},"canonical":"https:\/\/moseltransfer.gonzalez-transporte.de\/en\/zahlungsweisen\/","og_locale":"en_US","og_type":"article","og_title":"Zahlungsweisen - Gonzalez-Transporte GmbH &amp; Co. KG","og_url":"https:\/\/moseltransfer.gonzalez-transporte.de\/en\/zahlungsweisen\/","og_site_name":"Gonzalez-Transporte GmbH &amp; Co. KG","article_modified_time":"2024-03-20T13:10:32+00:00","twitter_card":"summary_large_image","twitter_misc":{"Est. reading time":"1 minute"},"schema":{"@context":"https:\/\/schema.org","@graph":[{"@type":"WebPage","@id":"https:\/\/moseltransfer.gonzalez-transporte.de\/zahlungsweisen\/","url":"https:\/\/moseltransfer.gonzalez-transporte.de\/zahlungsweisen\/","name":"Zahlungsweisen - Gonzalez-Transporte GmbH &amp; Co. KG","isPartOf":{"@id":"https:\/\/moseltransfer.gonzalez-transporte.de\/#website"},"datePublished":"2022-07-27T10:06:40+00:00","dateModified":"2024-03-20T13:10:32+00:00","breadcrumb":{"@id":"https:\/\/moseltransfer.gonzalez-transporte.de\/zahlungsweisen\/#breadcrumb"},"inLanguage":"en-US","potentialAction":[{"@type":"ReadAction","target":["https:\/\/moseltransfer.gonzalez-transporte.de\/zahlungsweisen\/"]}]},{"@type":"BreadcrumbList","@id":"https:\/\/moseltransfer.gonzalez-transporte.de\/zahlungsweisen\/#breadcrumb","itemListElement":[{"@type":"ListItem","position":1,"name":"Startseite","item":"https:\/\/moseltransfer.gonzalez-transporte.de\/"},{"@type":"ListItem","position":2,"name":"Zahlungsweisen"}]},{"@type":"WebSite","@id":"https:\/\/moseltransfer.gonzalez-transporte.de\/#website","url":"https:\/\/moseltransfer.gonzalez-transporte.de\/","name":"Gonzalez-Transporte GmbH &amp; Co. KG","description":"Moseltransfer - Gep\u00e4ck- und Fahrrad-Transporte","publisher":{"@id":"https:\/\/moseltransfer.gonzalez-transporte.de\/#organization"},"potentialAction":[{"@type":"SearchAction","target":{"@type":"EntryPoint","urlTemplate":"https:\/\/moseltransfer.gonzalez-transporte.de\/?s={search_term_string}"},"query-input":{"@type":"PropertyValueSpecification","valueRequired":true,"valueName":"search_term_string"}}],"inLanguage":"en-US"},{"@type":"Organization","@id":"https:\/\/moseltransfer.gonzalez-transporte.de\/#organization","name":"Gonzalez-Transporte GmbH &amp; Co. KG","url":"https:\/\/moseltransfer.gonzalez-transporte.de\/","logo":{"@type":"ImageObject","inLanguage":"en-US","@id":"https:\/\/moseltransfer.gonzalez-transporte.de\/#\/schema\/logo\/image\/","url":"https:\/\/moseltransfer.gonzalez-transporte.de\/wp-content\/uploads\/2022\/08\/Quadrat-01-Artboard-1-scaled.jpg","contentUrl":"https:\/\/moseltransfer.gonzalez-transporte.de\/wp-content\/uploads\/2022\/08\/Quadrat-01-Artboard-1-scaled.jpg","width":2560,"height":2560,"caption":"Gonzalez-Transporte GmbH &amp; Co. KG"},"image":{"@id":"https:\/\/moseltransfer.gonzalez-transporte.de\/#\/schema\/logo\/image\/"}}]}},"_links":{"self":[{"href":"https:\/\/moseltransfer.gonzalez-transporte.de\/en\/wp-json\/wp\/v2\/pages\/25","targetHints":{"allow":["GET"]}}],"collection":[{"href":"https:\/\/moseltransfer.gonzalez-transporte.de\/en\/wp-json\/wp\/v2\/pages"}],"about":[{"href":"https:\/\/moseltransfer.gonzalez-transporte.de\/en\/wp-json\/wp\/v2\/types\/page"}],"author":[{"embeddable":true,"href":"https:\/\/moseltransfer.gonzalez-transporte.de\/en\/wp-json\/wp\/v2\/users\/2"}],"replies":[{"embeddable":true,"href":"https:\/\/moseltransfer.gonzalez-transporte.de\/en\/wp-json\/wp\/v2\/comments?post=25"}],"version-history":[{"count":5,"href":"https:\/\/moseltransfer.gonzalez-transporte.de\/en\/wp-json\/wp\/v2\/pages\/25\/revisions"}],"predecessor-version":[{"id":1028,"href":"https:\/\/moseltransfer.gonzalez-transporte.de\/en\/wp-json\/wp\/v2\/pages\/25\/revisions\/1028"}],"wp:attachment":[{"href":"https:\/\/moseltransfer.gonzalez-transporte.de\/en\/wp-json\/wp\/v2\/media?parent=25"}],"curies":[{"name":"wp","href":"https:\/\/api.w.org\/{rel}","templated":true}]}}