{"id":27,"date":"2022-07-27T12:06:40","date_gmt":"2022-07-27T10:06:40","guid":{"rendered":"https:\/\/der-moseltransfer.local\/allgemeine_geschaeftsbedingungen\/"},"modified":"2024-03-20T14:25:17","modified_gmt":"2024-03-20T13:25:17","slug":"allgemeine_geschaeftsbedingungen","status":"publish","type":"page","link":"https:\/\/moseltransfer.gonzalez-transporte.de\/en\/allgemeine_geschaeftsbedingungen\/","title":{"rendered":"Allgemeine Gesch\u00e4ftsbedingungen"},"content":{"rendered":"<section class=\"l-section wpb_row height_medium\"><div class=\"l-section-h i-cf\"><div class=\"g-cols vc_row via_grid cols_1 laptops-cols_inherit tablets-cols_inherit mobiles-cols_1 valign_top type_default stacking_default\"><div class=\"wpb_column vc_column_container\"><div class=\"vc_column-inner\"><div class=\"wpb_text_column\"><div class=\"wpb_wrapper\"><p><strong><span style=\"color: #ffcc00;\">Allgemeine Gesch\u00e4ftsbedingungen mit Kundeninformationen<\/strong><\/p>\n<p>1 Geltungsbereich<br \/>\n2 Angebote und Leistungsbeschreibungen<br \/>\n3 Bestellvorgang und Vertragsabschluss<br \/>\n4 Preise und Versandkosten<br \/>\n5 Ausf\u00fchrung der Dienstleistung<br \/>\n6 Zahlungsmodalit\u00e4ten<br \/>\n7 Sachm\u00e4ngelgew\u00e4hrleistung und Garantie<br \/>\n8 Haftung<br \/>\n9 Speicherung des Vertragstextes<br \/>\n10 Schlussbestimmungen<\/p>\n<p><strong><span style=\"color: #ffcc00;\">1 Geltungsbereich<\/span><\/strong><br \/>\n1.1 F\u00fcr die Gesch\u00e4ftsbeziehung zwischen der Gonzalez-Transporte GmbH &amp; Co. KG, Auf der Wescher 15, 54536 Kr\u00f6v (nachfolgend \u201eVerk\u00e4ufer\u201c) und dem Kunden (nachfolgend \u201eKunde\u201c) gelten ausschlie\u00dflich die nachfolgenden Allgemeinen Gesch\u00e4ftsbedingungen in ihrer zum Zeitpunkt der Bestellung g\u00fcltigen Fassung.<\/p>\n<p>1.2 Verbraucher im Sinne dieser AGB ist jede nat\u00fcrliche Person, die ein Rechtsgesch\u00e4ft zu einem Zwecke abschlie\u00dft, der \u00fcberwiegend weder ihrer gewerblichen noch ihrer selbstst\u00e4ndigen beruflichen T\u00e4tigkeit zugerechnet werden kann. Unternehmer ist eine nat\u00fcrliche oder juristische Person oder eine rechtsf\u00e4hige Personengesellschaft, die bei Abschluss eines Rechtsgesch\u00e4fts in Aus\u00fcbung ihrer gewerblichen oder selbst\u00e4ndigen beruflichen T\u00e4tigkeit handelt.<\/p>\n<p>1.3 Abweichende Bedingungen des Kunden werden nicht anerkannt, es sei denn, der Verk\u00e4ufer stimmt ihrer Geltung ausdr\u00fccklich zu.<\/p>\n<p><strong><span style=\"color: #ffcc00;\">2. Angebote und Leistungsbeschreibungen<\/span><\/strong><br \/>\n2.1 Die Darstellung der Produkte im Online-Shop stellt kein rechtlich bindendes Angebot, sondern eine Aufforderung zur Abgabe einer Bestellung dar. Leistungsbeschreibungen in Katalogen sowie auf den Websites des Verk\u00e4ufers haben nicht den Charakter einer Zusicherung oder Garantie.<\/p>\n<p>2.2 Alle Angebote gelten \u201esolange der Vorrat reicht\u201c, wenn nicht bei den Produkten etwas anderes vermerkt ist. Im \u00dcbrigen bleiben Irrt\u00fcmer vorbehalten.<\/p>\n<p><strong><span style=\"color: #ffcc00;\">3 Bestellvorgang und Vertragsabschluss<\/span><\/strong><br \/>\n3.1 Der Kunde kann aus dem Sortiment des Verk\u00e4ufers Dienstleistungen unverbindlich ausw\u00e4hlen und diese \u00fcber die Schaltfl\u00e4che [Etappe hinzuf\u00fcgen] in einem so genannten Warenkorb sammeln. Innerhalb des Warenkorbes kann die Produktauswahl ver\u00e4ndert, z.B. gel\u00f6scht werden. Anschlie\u00dfend kann der Kunde innerhalb des Warenkorbs \u00fcber die Schaltfl\u00e4che [Weiter zur Kasse] zum Abschluss des Bestellvorgangs schreiten.<\/p>\n<p>3.2 \u00dcber die Schaltfl\u00e4che [zahlungspflichtig bestellen] gibt der Kunde einen verbindlichen Antrag zum Kauf der im Warenkorb befindlichen Waren ab. Vor Abschicken der Bestellung kann der Kunde die Daten jederzeit \u00e4ndern und einsehen sowie mithilfe der Browserfunktion &#8222;zur\u00fcck&#8220; zum Warenkorb zur\u00fcckgehen oder den Bestellvorgang insgesamt abbrechen. Notwendige Angaben sind mit einem Sternchen (*) gekennzeichnet.<\/p>\n<p>3.3 Der Verk\u00e4ufer schickt daraufhin dem Kunden eine automatische Empfangsbest\u00e4tigung per E-Mail zu, in welcher die Bestellung des Kunden nochmals aufgef\u00fchrt wird und die der Kunde \u00fcber die Funktion \u201eDrucken\u201c ausdrucken kann (Bestellbest\u00e4tigung). Die automatische Empfangsbest\u00e4tigung dokumentiert lediglich, dass die Bestellung des Kunden beim Verk\u00e4ufer eingegangen ist und stellt keine Annahme des Antrags dar. Der Kaufvertrag kommt erst dann zustande, wenn der Verk\u00e4ufer die bestellte Dienstleistung innerhalb von 2 Tagen via ausdr\u00fccklicher Auftragsbest\u00e4tigung oder Zusendung der Rechnung best\u00e4tigt hat. Im Fall mehrerer Annahmevorg\u00e4nge ist der fr\u00fcheste Annahmezeitpunkt ma\u00dfgeblich. Nimmt der Verk\u00e4ufer das Angebot des Kunden innerhalb der Annahmefrist nicht an, kommt kein Vertrag zustande und der Kunde wird nicht mehr an sein Angebot gebunden.<\/p>\n<p>3.4 Sollte der Verk\u00e4ufer eine Vorkassezahlung erm\u00f6glichen, kommt der Vertrag mit der Bereitstellung der Bankdaten und Zahlungsaufforderung zustande. Wenn die Zahlung trotz F\u00e4lligkeit auch nach erneuter Aufforderung nicht bis zu einem Zeitpunkt von 10 Kalendertagen nach Absendung der Bestellbest\u00e4tigung beim Verk\u00e4ufer eingegangen ist, tritt der Verk\u00e4ufer vom Vertrag zur\u00fcck mit der Folge, dass die Bestellung hinf\u00e4llig ist und den Verk\u00e4ufer keine Ausf\u00fchrungspflicht trifft. Die Bestellung ist dann f\u00fcr den K\u00e4ufer und Verk\u00e4ufer ohne weitere Folgen erledigt.<\/p>\n<p><strong><span style=\"color: #ffcc00;\">4 Preise und Versandkosten<\/span><\/strong><br \/>\n4.1 Alle Preise, die auf der Website des Verk\u00e4ufers angegeben sind, verstehen sich einschlie\u00dflich der jeweils g\u00fcltigen gesetzlichen Umsatzsteuer.<\/p>\n<p><strong><span style=\"color: #ffcc00;\">5 Ausf\u00fchrung der Dienstleistung<\/span><\/strong><br \/>\n5.1 Liefer- und Leistungsverz\u00f6gerungen aufgrund h\u00f6herer Gewalt und aufgrund von unvorhersehbaren Ereignissen, die dem Verk\u00e4ufer die Lieferung wesentlich erschweren oder unm\u00f6glich machen, hat der Verk\u00e4ufer gegen\u00fcber Kunden, die Unternehmer sind, auch bei verbindlich vereinbarten Fristen und Terminen nicht zu vertreten. In diesem Fall ist der Verk\u00e4ufer berechtigt, die Lieferung bzw. Leistung um die Dauer der Behinderung zuz\u00fcglich einer angemessenen Anlauffrist hinauszuschieben. Das Recht zur Hinausschiebung der Frist gilt gegen\u00fcber Kunden, die Unternehmer sind auch in F\u00e4llen unvorhersehbarer Ereignisse, die auf den Betrieb eines Vorlieferanten einwirken und weder von ihm noch von dem Verk\u00e4ufer zu vertreten sind. W\u00e4hrend der Dauer dieser Behinderung ist der Kunde ebenfalls von seinen vertraglichen Verpflichtungen entbunden, insbesondere der Zahlung. Ist die Verz\u00f6gerung dem Kunden nicht zuzumuten, kann dieser nach einer von ihm zu setzenden angemessenen Frist oder einvernehmlicher R\u00fccksprache mit dem Verk\u00e4ufer durch schriftliche Erkl\u00e4rung vom Vertrag zur\u00fccktreten.<\/p>\n<p><strong><span style=\"color: #ffcc00;\">6 Zahlungsmodalit\u00e4ten<\/span><\/strong><br \/>\n6.1 Der Kunde kann im Rahmen und vor Abschluss des Bestellvorgangs aus den zur Verf\u00fcgung stehenden Zahlungsarten w\u00e4hlen. Kunden werden \u00fcber die zur Verf\u00fcgung stehenden Zahlungsmittel auf einer gesonderten Informationsseite unterrichtet.<\/p>\n<p>6.2 Ist die Bezahlung per Rechnung m\u00f6glich, hat die Zahlung innerhalb von 30 Tagen nach Erhalt der Ware und der Rechnung zu erfolgen. Bei allen anderen Zahlweisen hat die Zahlung im Voraus ohne Abzug zu erfolgen.<\/p>\n<p>6.3 Werden Drittanbieter mit der Zahlungsabwicklung beauftragt, z.B. Paypal oder Stripe gelten deren Allgemeine Gesch\u00e4ftsbedingungen.<\/p>\n<p>6.4 Ist die F\u00e4lligkeit der Zahlung nach dem Kalender bestimmt, so kommt der Kunde bereits durch Vers\u00e4umung des Termins in Verzug. In diesem Fall hat der Kunde die gesetzlichen Verzugszinsen zu zahlen.<\/p>\n<p>6.5 Die Verpflichtung des Kunden zur Zahlung von Verzugszinsen schlie\u00dft die Geltendmachung weiterer Verzugssch\u00e4den durch den Verk\u00e4ufer nicht aus.<\/p>\n<p>6.6 Ein Recht zur Aufrechnung steht dem Kunden nur zu, wenn seine Gegenanspr\u00fcche rechtskr\u00e4ftig festgestellt oder von dem Verk\u00e4ufer anerkannt sind. Der Kunde kann ein Zur\u00fcckbehaltungsrecht nur aus\u00fcben, soweit die Anspr\u00fcche aus dem gleichen Vertragsverh\u00e4ltnis resultieren.<\/p>\n<p><strong><span style=\"color: #ffcc00;\">7 Sachm\u00e4ngelgew\u00e4hrleistung und Garantie<\/span><\/strong><br \/>\n7.1 Die Gew\u00e4hrleistung (M\u00e4ngelhaftung) bestimmt sich vorbehaltlich folgender Regelungen nach gesetzlichen Vorschriften.<\/p>\n<p>7.2 Eine Garantie besteht bei der vom Verk\u00e4ufer geleisteten Dienstleistung nur, wenn diese ausdr\u00fccklich abgegeben wurde. Kunden werden \u00fcber die Garantiebedingungen vor der Einleitung des Bestellvorgangs informiert.<\/p>\n<p>7.3 Ist der Kunde Unternehmer, erfolgt die Wahl zwischen Nachbesserung oder Nachlieferung mangelhafter Ware durch den Verk\u00e4ufer.<\/p>\n<p>7.4 Sachm\u00e4ngel verj\u00e4hren unbeschadet der Haftungsregelungen dieser AGB bei Kunden die Unternehmer sind, grunds\u00e4tzlich ein Jahr nach Gefahren\u00fcbergang, soweit nicht kraft Gesetzes, insbesondere bei Sonderbestimmungen f\u00fcr den R\u00fcckgriff des Unternehmers, zwingend l\u00e4ngere Fristen vorgeschrieben sind. Bei gebrauchten Waren ist die Gew\u00e4hrleistung von Kunden die Unternehmer sind, ausgeschlossen.<\/p>\n<p>7.5 Hat der Kunde, der Unternehmer ist, die mangelhafte Sache im Sinne des \u00a7 439 Abs. 3 BGB gem\u00e4\u00df ihrer Art und ihrem Verwendungszweck in eine andere Sache eingebaut oder an eine andere Sache angebracht, ist der Verk\u00e4ufer, vorbehaltlich einer ausdr\u00fccklichen Vereinbarung und unbeschadet der \u00fcbrigen Gew\u00e4hrleistungspflichten, im Rahmen der Nacherf\u00fcllung nicht verpflichtet, dem Kunden die erforderlichen Aufwendungen f\u00fcr das Entfernen der mangelhaften und den Einbau oder das Anbringen der nachgebesserten oder gelieferten mangelfreien Sache zu ersetzen. Dementsprechend ist der Verk\u00e4ufer auch nicht zum Ersatz von Aufwendungen f\u00fcr das Entfernen der mangelhaften und den Einbau oder das Anbringen der nachgebesserten oder gelieferten mangelfreien Sache im Rahmen eines R\u00fcckgriffs durch den Kunden im Rahmen der Lieferkette (d.h. zwischen dem Kunden und seinen Kunden) verpflichtet.<\/p>\n<p><strong><span style=\"color: #ffcc00;\">8 Haftung<\/span><\/strong><br \/>\n8.1 F\u00fcr eine Haftung des Verk\u00e4ufers auf Schadensersatz gelten unbeschadet der sonstigen gesetzlichen Anspruchsvoraussetzungen folgende Haftungsausschl\u00fcsse und -begrenzungen.<\/p>\n<p>8.2 Der Verk\u00e4ufer haftet unbeschr\u00e4nkt, soweit die Schadensursache auf Vorsatz oder grober Fahrl\u00e4ssigkeit beruht.<\/p>\n<p>8.3 Ferner haftet der Verk\u00e4ufer f\u00fcr die leicht fahrl\u00e4ssige Verletzung von wesentlichen Pflichten, deren Verletzung die Erreichung des Vertragszwecks gef\u00e4hrdet, oder f\u00fcr die Verletzung von Pflichten, deren Erf\u00fcllung die ordnungsgem\u00e4\u00dfe Durchf\u00fchrung des Vertrages \u00fcberhaupt erst erm\u00f6glicht und auf deren Einhaltung der Kunde regelm\u00e4\u00dfig vertraut. In diesem Fall haftet der Verk\u00e4ufer jedoch nur f\u00fcr den vorhersehbaren, vertragstypischen Schaden. Der Verk\u00e4ufer haftet nicht f\u00fcr die leicht fahrl\u00e4ssige Verletzung anderer als der in den vorstehenden S\u00e4tzen genannten Pflichten.<\/p>\n<p>8.4 Die vorstehenden Haftungsbeschr\u00e4nkungen gelten nicht bei Verletzung von Leben, K\u00f6rper und Gesundheit, f\u00fcr einen Mangel nach \u00dcbernahme einer Garantie f\u00fcr die Beschaffenheit des Produktes und bei arglistig verschwiegenen M\u00e4ngeln. Die Haftung nach dem Produkthaftungsgesetz bleibt unber\u00fchrt.<\/p>\n<p>8.5 Soweit die Haftung des Verk\u00e4ufers ausgeschlossen oder beschr\u00e4nkt ist, gilt dies auch f\u00fcr die pers\u00f6nliche Haftung von Arbeitnehmern, Vertretern und Erf\u00fcllungsgehilfen.<\/p>\n<p><strong><span style=\"color: #ffcc00;\">9 Speicherung des Vertragstextes<\/span><\/strong><br \/>\n9.1 Der Kunde kann den Vertragstext vor der Abgabe der Bestellung an den Verk\u00e4ufer ausdrucken, indem er im letzten Schritt der Bestellung die Druckfunktion seines Browsers nutzt.<\/p>\n<p>9.2 Der Verk\u00e4ufer sendet dem Kunden au\u00dferdem eine Bestellbest\u00e4tigung mit allen Bestelldaten an die von Ihm angegebene E-Mail-Adresse zu. Mit der Bestellbest\u00e4tigung, sp\u00e4testens jedoch bei der Lieferung der Ware, erh\u00e4lt der Kunde ferner eine Kopie der AGB nebst Widerrufsbelehrung und den Hinweisen zu Versandkosten sowie Liefer- und Zahlungsbedingungen. Sofern Sie sich in unserem Shop registriert haben sollten, k\u00f6nnen Sie in Ihrem Profilbereich Ihre aufgegebenen Bestellungen einsehen. Dar\u00fcber hinaus speichern wir den Vertragstext, machen ihn jedoch im Internet nicht zug\u00e4nglich.<\/p>\n<p>9.3 Kunden die Unternehmer sind, k\u00f6nnen die Vertragsunterlagen per E-Mail, schriftlich oder Verweis auf eine Onlinequelle erhalten.<\/p>\n<p><strong><span style=\"color: #ffcc00;\">10 Schlussbestimmungen<\/span><\/strong><br \/>\n10.1 Ist der K\u00e4ufer Unternehmer ist vorbehaltlich anderer Abreden oder zwingender gesetzlicher Vorschriften der Erf\u00fcllungsort der Sitz des Verk\u00e4ufers, w\u00e4hrend der Gerichtstand sich am Sitz des Verk\u00e4ufers befindet, wenn der Kunde Kaufmann, juristische Person des \u00f6ffentlichen Rechts oder \u00f6ffentlich-rechtliches Sonderverm\u00f6gen ist oder der K\u00e4ufer im Sitzland des Verk\u00e4ufers keinen allgemeinen Gerichtsstand hat. Das Recht des Verk\u00e4ufers einen anderen zul\u00e4ssigen Gerichtsstand zu w\u00e4hlen, bleibt vorbehalten.<\/p>\n<p>10.2 Im Fall von Unternehmern gilt das Recht der [Bundesrepublik Deutschland \/ Republik \u00d6sterreich] unter Ausschluss des UN-Kaufrechts, solange dem keine zwingenden gesetzlichen Vorschriften entgegenstehen.<\/p>\n<p>10.3 Vertragssprache ist deutsch.<\/p>\n<p>10.4 Plattform der Europ\u00e4ischen Kommission zur Online-Streitbeilegung (OS) f\u00fcr Verbraucher: <a href=\"http:\/\/ec.europa.eu\/consumers\/odr\/\" target=\"_blank\" rel=\"noopener\">http:\/\/ec.europa.eu\/consumers\/odr\/<\/a>. Wir sind nicht bereit und nicht verpflichtet an einem Streitbeilegungsverfahren vor einer Verbraucherschlichtungsstelle teilzunehmen.<\/p>\n<\/div><\/div><\/div><\/div><\/div><\/div><\/section>\n","protected":false},"excerpt":{"rendered":"","protected":false},"author":2,"featured_media":0,"parent":0,"menu_order":0,"comment_status":"closed","ping_status":"closed","template":"","meta":{"inline_featured_image":false,"footnotes":""},"class_list":["post-27","page","type-page","status-publish","hentry"],"yoast_head":"<!-- This site is optimized with the Yoast SEO plugin v27.4 - https:\/\/yoast.com\/product\/yoast-seo-wordpress\/ -->\n<title>Allgemeine Gesch\u00e4ftsbedingungen - Gonzalez-Transporte GmbH &amp; Co. KG<\/title>\n<meta name=\"robots\" content=\"index, follow, max-snippet:-1, max-image-preview:large, max-video-preview:-1\" \/>\n<link rel=\"canonical\" href=\"https:\/\/moseltransfer.gonzalez-transporte.de\/en\/allgemeine_geschaeftsbedingungen\/\" \/>\n<meta property=\"og:locale\" content=\"en_US\" \/>\n<meta property=\"og:type\" content=\"article\" \/>\n<meta property=\"og:title\" content=\"Allgemeine Gesch\u00e4ftsbedingungen - Gonzalez-Transporte GmbH &amp; Co. KG\" \/>\n<meta property=\"og:url\" content=\"https:\/\/moseltransfer.gonzalez-transporte.de\/en\/allgemeine_geschaeftsbedingungen\/\" \/>\n<meta property=\"og:site_name\" content=\"Gonzalez-Transporte GmbH &amp; Co. KG\" \/>\n<meta property=\"article:modified_time\" content=\"2024-03-20T13:25:17+00:00\" \/>\n<meta name=\"twitter:card\" content=\"summary_large_image\" \/>\n<meta name=\"twitter:label1\" content=\"Est. reading time\" \/>\n\t<meta name=\"twitter:data1\" content=\"9 minutes\" \/>\n<script type=\"application\/ld+json\" class=\"yoast-schema-graph\">{\"@context\":\"https:\\\/\\\/schema.org\",\"@graph\":[{\"@type\":\"WebPage\",\"@id\":\"https:\\\/\\\/moseltransfer.gonzalez-transporte.de\\\/allgemeine_geschaeftsbedingungen\\\/\",\"url\":\"https:\\\/\\\/moseltransfer.gonzalez-transporte.de\\\/allgemeine_geschaeftsbedingungen\\\/\",\"name\":\"Allgemeine Gesch\u00e4ftsbedingungen - Gonzalez-Transporte GmbH &amp; Co. KG\",\"isPartOf\":{\"@id\":\"https:\\\/\\\/moseltransfer.gonzalez-transporte.de\\\/#website\"},\"datePublished\":\"2022-07-27T10:06:40+00:00\",\"dateModified\":\"2024-03-20T13:25:17+00:00\",\"breadcrumb\":{\"@id\":\"https:\\\/\\\/moseltransfer.gonzalez-transporte.de\\\/allgemeine_geschaeftsbedingungen\\\/#breadcrumb\"},\"inLanguage\":\"en-US\",\"potentialAction\":[{\"@type\":\"ReadAction\",\"target\":[\"https:\\\/\\\/moseltransfer.gonzalez-transporte.de\\\/allgemeine_geschaeftsbedingungen\\\/\"]}]},{\"@type\":\"BreadcrumbList\",\"@id\":\"https:\\\/\\\/moseltransfer.gonzalez-transporte.de\\\/allgemeine_geschaeftsbedingungen\\\/#breadcrumb\",\"itemListElement\":[{\"@type\":\"ListItem\",\"position\":1,\"name\":\"Startseite\",\"item\":\"https:\\\/\\\/moseltransfer.gonzalez-transporte.de\\\/\"},{\"@type\":\"ListItem\",\"position\":2,\"name\":\"Allgemeine Gesch\u00e4ftsbedingungen\"}]},{\"@type\":\"WebSite\",\"@id\":\"https:\\\/\\\/moseltransfer.gonzalez-transporte.de\\\/#website\",\"url\":\"https:\\\/\\\/moseltransfer.gonzalez-transporte.de\\\/\",\"name\":\"Gonzalez-Transporte GmbH &amp; Co. KG\",\"description\":\"Moseltransfer - Gep\u00e4ck- und Fahrrad-Transporte\",\"publisher\":{\"@id\":\"https:\\\/\\\/moseltransfer.gonzalez-transporte.de\\\/#organization\"},\"potentialAction\":[{\"@type\":\"SearchAction\",\"target\":{\"@type\":\"EntryPoint\",\"urlTemplate\":\"https:\\\/\\\/moseltransfer.gonzalez-transporte.de\\\/?s={search_term_string}\"},\"query-input\":{\"@type\":\"PropertyValueSpecification\",\"valueRequired\":true,\"valueName\":\"search_term_string\"}}],\"inLanguage\":\"en-US\"},{\"@type\":\"Organization\",\"@id\":\"https:\\\/\\\/moseltransfer.gonzalez-transporte.de\\\/#organization\",\"name\":\"Gonzalez-Transporte GmbH &amp; Co. KG\",\"url\":\"https:\\\/\\\/moseltransfer.gonzalez-transporte.de\\\/\",\"logo\":{\"@type\":\"ImageObject\",\"inLanguage\":\"en-US\",\"@id\":\"https:\\\/\\\/moseltransfer.gonzalez-transporte.de\\\/#\\\/schema\\\/logo\\\/image\\\/\",\"url\":\"https:\\\/\\\/moseltransfer.gonzalez-transporte.de\\\/wp-content\\\/uploads\\\/2022\\\/08\\\/Quadrat-01-Artboard-1-scaled.jpg\",\"contentUrl\":\"https:\\\/\\\/moseltransfer.gonzalez-transporte.de\\\/wp-content\\\/uploads\\\/2022\\\/08\\\/Quadrat-01-Artboard-1-scaled.jpg\",\"width\":2560,\"height\":2560,\"caption\":\"Gonzalez-Transporte GmbH &amp; Co. KG\"},\"image\":{\"@id\":\"https:\\\/\\\/moseltransfer.gonzalez-transporte.de\\\/#\\\/schema\\\/logo\\\/image\\\/\"}}]}<\/script>\n<!-- \/ Yoast SEO plugin. -->","yoast_head_json":{"title":"Allgemeine Gesch\u00e4ftsbedingungen - Gonzalez-Transporte GmbH &amp; Co. KG","robots":{"index":"index","follow":"follow","max-snippet":"max-snippet:-1","max-image-preview":"max-image-preview:large","max-video-preview":"max-video-preview:-1"},"canonical":"https:\/\/moseltransfer.gonzalez-transporte.de\/en\/allgemeine_geschaeftsbedingungen\/","og_locale":"en_US","og_type":"article","og_title":"Allgemeine Gesch\u00e4ftsbedingungen - Gonzalez-Transporte GmbH &amp; Co. KG","og_url":"https:\/\/moseltransfer.gonzalez-transporte.de\/en\/allgemeine_geschaeftsbedingungen\/","og_site_name":"Gonzalez-Transporte GmbH &amp; Co. KG","article_modified_time":"2024-03-20T13:25:17+00:00","twitter_card":"summary_large_image","twitter_misc":{"Est. reading time":"9 minutes"},"schema":{"@context":"https:\/\/schema.org","@graph":[{"@type":"WebPage","@id":"https:\/\/moseltransfer.gonzalez-transporte.de\/allgemeine_geschaeftsbedingungen\/","url":"https:\/\/moseltransfer.gonzalez-transporte.de\/allgemeine_geschaeftsbedingungen\/","name":"Allgemeine Gesch\u00e4ftsbedingungen - Gonzalez-Transporte GmbH &amp; Co. KG","isPartOf":{"@id":"https:\/\/moseltransfer.gonzalez-transporte.de\/#website"},"datePublished":"2022-07-27T10:06:40+00:00","dateModified":"2024-03-20T13:25:17+00:00","breadcrumb":{"@id":"https:\/\/moseltransfer.gonzalez-transporte.de\/allgemeine_geschaeftsbedingungen\/#breadcrumb"},"inLanguage":"en-US","potentialAction":[{"@type":"ReadAction","target":["https:\/\/moseltransfer.gonzalez-transporte.de\/allgemeine_geschaeftsbedingungen\/"]}]},{"@type":"BreadcrumbList","@id":"https:\/\/moseltransfer.gonzalez-transporte.de\/allgemeine_geschaeftsbedingungen\/#breadcrumb","itemListElement":[{"@type":"ListItem","position":1,"name":"Startseite","item":"https:\/\/moseltransfer.gonzalez-transporte.de\/"},{"@type":"ListItem","position":2,"name":"Allgemeine Gesch\u00e4ftsbedingungen"}]},{"@type":"WebSite","@id":"https:\/\/moseltransfer.gonzalez-transporte.de\/#website","url":"https:\/\/moseltransfer.gonzalez-transporte.de\/","name":"Gonzalez-Transporte GmbH &amp; Co. KG","description":"Moseltransfer - Gep\u00e4ck- und Fahrrad-Transporte","publisher":{"@id":"https:\/\/moseltransfer.gonzalez-transporte.de\/#organization"},"potentialAction":[{"@type":"SearchAction","target":{"@type":"EntryPoint","urlTemplate":"https:\/\/moseltransfer.gonzalez-transporte.de\/?s={search_term_string}"},"query-input":{"@type":"PropertyValueSpecification","valueRequired":true,"valueName":"search_term_string"}}],"inLanguage":"en-US"},{"@type":"Organization","@id":"https:\/\/moseltransfer.gonzalez-transporte.de\/#organization","name":"Gonzalez-Transporte GmbH &amp; Co. KG","url":"https:\/\/moseltransfer.gonzalez-transporte.de\/","logo":{"@type":"ImageObject","inLanguage":"en-US","@id":"https:\/\/moseltransfer.gonzalez-transporte.de\/#\/schema\/logo\/image\/","url":"https:\/\/moseltransfer.gonzalez-transporte.de\/wp-content\/uploads\/2022\/08\/Quadrat-01-Artboard-1-scaled.jpg","contentUrl":"https:\/\/moseltransfer.gonzalez-transporte.de\/wp-content\/uploads\/2022\/08\/Quadrat-01-Artboard-1-scaled.jpg","width":2560,"height":2560,"caption":"Gonzalez-Transporte GmbH &amp; Co. KG"},"image":{"@id":"https:\/\/moseltransfer.gonzalez-transporte.de\/#\/schema\/logo\/image\/"}}]}},"_links":{"self":[{"href":"https:\/\/moseltransfer.gonzalez-transporte.de\/en\/wp-json\/wp\/v2\/pages\/27","targetHints":{"allow":["GET"]}}],"collection":[{"href":"https:\/\/moseltransfer.gonzalez-transporte.de\/en\/wp-json\/wp\/v2\/pages"}],"about":[{"href":"https:\/\/moseltransfer.gonzalez-transporte.de\/en\/wp-json\/wp\/v2\/types\/page"}],"author":[{"embeddable":true,"href":"https:\/\/moseltransfer.gonzalez-transporte.de\/en\/wp-json\/wp\/v2\/users\/2"}],"replies":[{"embeddable":true,"href":"https:\/\/moseltransfer.gonzalez-transporte.de\/en\/wp-json\/wp\/v2\/comments?post=27"}],"version-history":[{"count":8,"href":"https:\/\/moseltransfer.gonzalez-transporte.de\/en\/wp-json\/wp\/v2\/pages\/27\/revisions"}],"predecessor-version":[{"id":1033,"href":"https:\/\/moseltransfer.gonzalez-transporte.de\/en\/wp-json\/wp\/v2\/pages\/27\/revisions\/1033"}],"wp:attachment":[{"href":"https:\/\/moseltransfer.gonzalez-transporte.de\/en\/wp-json\/wp\/v2\/media?parent=27"}],"curies":[{"name":"wp","href":"https:\/\/api.w.org\/{rel}","templated":true}]}}