{"id":928,"date":"2023-03-17T08:40:18","date_gmt":"2023-03-17T07:40:18","guid":{"rendered":"https:\/\/der-moseltransfer.de\/?page_id=928"},"modified":"2024-11-12T11:18:19","modified_gmt":"2024-11-12T10:18:19","slug":"transferauftrag","status":"publish","type":"page","link":"https:\/\/moseltransfer.gonzalez-transporte.de\/en\/transferauftrag\/","title":{"rendered":"Transfer- und Transportauftrag"},"content":{"rendered":"<section class=\"l-section wpb_row height_auto\"><div class=\"l-section-h i-cf\"><div class=\"g-cols vc_row via_grid cols_1 laptops-cols_inherit tablets-cols_inherit mobiles-cols_1 valign_top type_default stacking_default\"><div class=\"wpb_column vc_column_container\"><div class=\"vc_column-inner\"><div class=\"wpb_text_column\"><div class=\"wpb_wrapper\"><p><strong><span style=\"color: #ffcc00;\">Teilen Sie uns hier Ihre Streckenplanung mit&#8230;<\/span><\/strong><\/p>\n<p>Was wir f\u00fcr die Durchf\u00fchrung und Auftragsbearbeitung ben\u00f6tigen:<br \/>\n-Von wo nach wo &#8211; Orte, Anschriften und Daten.<br \/>\n-Die Anzahlen Fahrr\u00e4der (hier auch Typ: Bio-Bike, E-Bike, Fat-Bike), Gep\u00e4ckst\u00fccke und PKW&#8217;s.<\/p>\n<p>Wir freuen uns darauf, Ihre Fragen rund um die Planung Ihres Urlaubs hier bei uns an der Mosel zu beantworten.<\/p>\n<\/div><\/div><\/div><\/div><\/div><\/div><\/section><section class=\"l-section wpb_row height_small\"><div class=\"l-section-h i-cf\"><div class=\"g-cols vc_row via_grid cols_1 laptops-cols_inherit tablets-cols_inherit mobiles-cols_1 valign_top type_default stacking_default\"><div class=\"wpb_column vc_column_container\"><div class=\"vc_column-inner\"><div class=\"wpb_text_column\"><div class=\"wpb_wrapper\"><form id=\"forminator-module-1052\" class=\"forminator-custom-form forminator-custom-form-1052\" method=\"post\" data-forminator-render=\"0\" data-uid=\"69e0fea636078\" action=\"\"><div role=\"alert\" aria-live=\"polite\" class=\"forminator-response-message forminator-error\" aria-hidden=\"true\"><\/div><input type=\"hidden\" name=\"trp-form-language\" value=\"en\"\/><\/form>\n<\/div><\/div><\/div><\/div><\/div><\/div><\/section><section class=\"l-section wpb_row height_auto\"><div class=\"l-section-h i-cf\"><div class=\"g-cols vc_row via_grid cols_1 laptops-cols_inherit tablets-cols_inherit mobiles-cols_1 valign_top type_default stacking_default\"><div class=\"wpb_column vc_column_container\"><div class=\"vc_column-inner\"><div class=\"wpb_text_column\"><div class=\"wpb_wrapper\"><h4><strong><span style=\"color: #ffcc00;\">Gonzalez-Transporte GmbH &amp; Co. KG<\/span><\/strong><\/h4>\n<p>Auf der Wescher 15<br \/>54536 Kr\u00f6v<\/p>\n<p><strong><span style=\"color: #003056;\">Fon: <\/span><\/strong><a class=\"phone\" href=\"tel:+4965411788688\" target=\"_blank\" rel=\"noopener\">+49 65 41 \u2013 1 78 86 88<\/a><br \/><strong><span style=\"color: #003056;\">E-mail:<\/span><\/strong>\u00a0<a class=\"mail\" href=\"mailto:info@gonzalez-transporte.de\" target=\"_blank\" rel=\"noopener\">info@gonzalez-transporte.de<\/a><br \/><strong><span style=\"color: #003056;\">Home:<\/span><\/strong> <a href=\"https:\/\/moseltransfer.gonzalez-transporte.de\/en\/\">https:\/\/moseltransfer.gonzalez-transporte.de<\/a><\/p>\n<\/div><\/div><\/div><\/div><\/div><\/div><\/section>","protected":false},"excerpt":{"rendered":"","protected":false},"author":2,"featured_media":0,"parent":0,"menu_order":0,"comment_status":"closed","ping_status":"closed","template":"","meta":{"inline_featured_image":false,"footnotes":""},"class_list":["post-928","page","type-page","status-publish","hentry"],"yoast_head":"<!-- This site is optimized with the Yoast SEO plugin v27.4 - https:\/\/yoast.com\/product\/yoast-seo-wordpress\/ -->\n<title>Transfer- und Transportauftrag - Gonzalez-Transporte GmbH &amp; Co. KG<\/title>\n<meta name=\"robots\" content=\"index, follow, max-snippet:-1, max-image-preview:large, max-video-preview:-1\" \/>\n<link rel=\"canonical\" href=\"https:\/\/moseltransfer.gonzalez-transporte.de\/en\/transferauftrag\/\" \/>\n<meta property=\"og:locale\" content=\"en_US\" \/>\n<meta property=\"og:type\" content=\"article\" \/>\n<meta property=\"og:title\" content=\"Transfer- und Transportauftrag - Gonzalez-Transporte GmbH &amp; Co. KG\" \/>\n<meta property=\"og:url\" content=\"https:\/\/moseltransfer.gonzalez-transporte.de\/en\/transferauftrag\/\" \/>\n<meta property=\"og:site_name\" content=\"Gonzalez-Transporte GmbH &amp; Co. KG\" \/>\n<meta property=\"article:modified_time\" content=\"2024-11-12T10:18:19+00:00\" \/>\n<meta name=\"twitter:card\" content=\"summary_large_image\" \/>\n<meta name=\"twitter:label1\" content=\"Est. reading time\" \/>\n\t<meta name=\"twitter:data1\" content=\"1 minute\" \/>\n<script type=\"application\/ld+json\" class=\"yoast-schema-graph\">{\"@context\":\"https:\\\/\\\/schema.org\",\"@graph\":[{\"@type\":\"WebPage\",\"@id\":\"https:\\\/\\\/moseltransfer.gonzalez-transporte.de\\\/transferauftrag\\\/\",\"url\":\"https:\\\/\\\/moseltransfer.gonzalez-transporte.de\\\/transferauftrag\\\/\",\"name\":\"Transfer- und Transportauftrag - Gonzalez-Transporte GmbH &amp; Co. KG\",\"isPartOf\":{\"@id\":\"https:\\\/\\\/moseltransfer.gonzalez-transporte.de\\\/#website\"},\"datePublished\":\"2023-03-17T07:40:18+00:00\",\"dateModified\":\"2024-11-12T10:18:19+00:00\",\"breadcrumb\":{\"@id\":\"https:\\\/\\\/moseltransfer.gonzalez-transporte.de\\\/transferauftrag\\\/#breadcrumb\"},\"inLanguage\":\"en-US\",\"potentialAction\":[{\"@type\":\"ReadAction\",\"target\":[\"https:\\\/\\\/moseltransfer.gonzalez-transporte.de\\\/transferauftrag\\\/\"]}]},{\"@type\":\"BreadcrumbList\",\"@id\":\"https:\\\/\\\/moseltransfer.gonzalez-transporte.de\\\/transferauftrag\\\/#breadcrumb\",\"itemListElement\":[{\"@type\":\"ListItem\",\"position\":1,\"name\":\"Startseite\",\"item\":\"https:\\\/\\\/moseltransfer.gonzalez-transporte.de\\\/\"},{\"@type\":\"ListItem\",\"position\":2,\"name\":\"Transfer- und Transportauftrag\"}]},{\"@type\":\"WebSite\",\"@id\":\"https:\\\/\\\/moseltransfer.gonzalez-transporte.de\\\/#website\",\"url\":\"https:\\\/\\\/moseltransfer.gonzalez-transporte.de\\\/\",\"name\":\"Gonzalez-Transporte GmbH &amp; Co. KG\",\"description\":\"Moseltransfer - Gep\u00e4ck- und Fahrrad-Transporte\",\"publisher\":{\"@id\":\"https:\\\/\\\/moseltransfer.gonzalez-transporte.de\\\/#organization\"},\"potentialAction\":[{\"@type\":\"SearchAction\",\"target\":{\"@type\":\"EntryPoint\",\"urlTemplate\":\"https:\\\/\\\/moseltransfer.gonzalez-transporte.de\\\/?s={search_term_string}\"},\"query-input\":{\"@type\":\"PropertyValueSpecification\",\"valueRequired\":true,\"valueName\":\"search_term_string\"}}],\"inLanguage\":\"en-US\"},{\"@type\":\"Organization\",\"@id\":\"https:\\\/\\\/moseltransfer.gonzalez-transporte.de\\\/#organization\",\"name\":\"Gonzalez-Transporte GmbH &amp; Co. KG\",\"url\":\"https:\\\/\\\/moseltransfer.gonzalez-transporte.de\\\/\",\"logo\":{\"@type\":\"ImageObject\",\"inLanguage\":\"en-US\",\"@id\":\"https:\\\/\\\/moseltransfer.gonzalez-transporte.de\\\/#\\\/schema\\\/logo\\\/image\\\/\",\"url\":\"https:\\\/\\\/moseltransfer.gonzalez-transporte.de\\\/wp-content\\\/uploads\\\/2022\\\/08\\\/Quadrat-01-Artboard-1-scaled.jpg\",\"contentUrl\":\"https:\\\/\\\/moseltransfer.gonzalez-transporte.de\\\/wp-content\\\/uploads\\\/2022\\\/08\\\/Quadrat-01-Artboard-1-scaled.jpg\",\"width\":2560,\"height\":2560,\"caption\":\"Gonzalez-Transporte GmbH &amp; Co. KG\"},\"image\":{\"@id\":\"https:\\\/\\\/moseltransfer.gonzalez-transporte.de\\\/#\\\/schema\\\/logo\\\/image\\\/\"}}]}<\/script>\n<!-- \/ Yoast SEO plugin. -->","yoast_head_json":{"title":"Transfer- und Transportauftrag - Gonzalez-Transporte GmbH &amp; Co. KG","robots":{"index":"index","follow":"follow","max-snippet":"max-snippet:-1","max-image-preview":"max-image-preview:large","max-video-preview":"max-video-preview:-1"},"canonical":"https:\/\/moseltransfer.gonzalez-transporte.de\/en\/transferauftrag\/","og_locale":"en_US","og_type":"article","og_title":"Transfer- und Transportauftrag - Gonzalez-Transporte GmbH &amp; Co. KG","og_url":"https:\/\/moseltransfer.gonzalez-transporte.de\/en\/transferauftrag\/","og_site_name":"Gonzalez-Transporte GmbH &amp; Co. KG","article_modified_time":"2024-11-12T10:18:19+00:00","twitter_card":"summary_large_image","twitter_misc":{"Est. reading time":"1 minute"},"schema":{"@context":"https:\/\/schema.org","@graph":[{"@type":"WebPage","@id":"https:\/\/moseltransfer.gonzalez-transporte.de\/transferauftrag\/","url":"https:\/\/moseltransfer.gonzalez-transporte.de\/transferauftrag\/","name":"Transfer- und Transportauftrag - Gonzalez-Transporte GmbH &amp; Co. KG","isPartOf":{"@id":"https:\/\/moseltransfer.gonzalez-transporte.de\/#website"},"datePublished":"2023-03-17T07:40:18+00:00","dateModified":"2024-11-12T10:18:19+00:00","breadcrumb":{"@id":"https:\/\/moseltransfer.gonzalez-transporte.de\/transferauftrag\/#breadcrumb"},"inLanguage":"en-US","potentialAction":[{"@type":"ReadAction","target":["https:\/\/moseltransfer.gonzalez-transporte.de\/transferauftrag\/"]}]},{"@type":"BreadcrumbList","@id":"https:\/\/moseltransfer.gonzalez-transporte.de\/transferauftrag\/#breadcrumb","itemListElement":[{"@type":"ListItem","position":1,"name":"Startseite","item":"https:\/\/moseltransfer.gonzalez-transporte.de\/"},{"@type":"ListItem","position":2,"name":"Transfer- und Transportauftrag"}]},{"@type":"WebSite","@id":"https:\/\/moseltransfer.gonzalez-transporte.de\/#website","url":"https:\/\/moseltransfer.gonzalez-transporte.de\/","name":"Gonzalez-Transporte GmbH &amp; Co. KG","description":"Moseltransfer - Gep\u00e4ck- und Fahrrad-Transporte","publisher":{"@id":"https:\/\/moseltransfer.gonzalez-transporte.de\/#organization"},"potentialAction":[{"@type":"SearchAction","target":{"@type":"EntryPoint","urlTemplate":"https:\/\/moseltransfer.gonzalez-transporte.de\/?s={search_term_string}"},"query-input":{"@type":"PropertyValueSpecification","valueRequired":true,"valueName":"search_term_string"}}],"inLanguage":"en-US"},{"@type":"Organization","@id":"https:\/\/moseltransfer.gonzalez-transporte.de\/#organization","name":"Gonzalez-Transporte GmbH &amp; Co. KG","url":"https:\/\/moseltransfer.gonzalez-transporte.de\/","logo":{"@type":"ImageObject","inLanguage":"en-US","@id":"https:\/\/moseltransfer.gonzalez-transporte.de\/#\/schema\/logo\/image\/","url":"https:\/\/moseltransfer.gonzalez-transporte.de\/wp-content\/uploads\/2022\/08\/Quadrat-01-Artboard-1-scaled.jpg","contentUrl":"https:\/\/moseltransfer.gonzalez-transporte.de\/wp-content\/uploads\/2022\/08\/Quadrat-01-Artboard-1-scaled.jpg","width":2560,"height":2560,"caption":"Gonzalez-Transporte GmbH &amp; Co. KG"},"image":{"@id":"https:\/\/moseltransfer.gonzalez-transporte.de\/#\/schema\/logo\/image\/"}}]}},"_links":{"self":[{"href":"https:\/\/moseltransfer.gonzalez-transporte.de\/en\/wp-json\/wp\/v2\/pages\/928","targetHints":{"allow":["GET"]}}],"collection":[{"href":"https:\/\/moseltransfer.gonzalez-transporte.de\/en\/wp-json\/wp\/v2\/pages"}],"about":[{"href":"https:\/\/moseltransfer.gonzalez-transporte.de\/en\/wp-json\/wp\/v2\/types\/page"}],"author":[{"embeddable":true,"href":"https:\/\/moseltransfer.gonzalez-transporte.de\/en\/wp-json\/wp\/v2\/users\/2"}],"replies":[{"embeddable":true,"href":"https:\/\/moseltransfer.gonzalez-transporte.de\/en\/wp-json\/wp\/v2\/comments?post=928"}],"version-history":[{"count":22,"href":"https:\/\/moseltransfer.gonzalez-transporte.de\/en\/wp-json\/wp\/v2\/pages\/928\/revisions"}],"predecessor-version":[{"id":1086,"href":"https:\/\/moseltransfer.gonzalez-transporte.de\/en\/wp-json\/wp\/v2\/pages\/928\/revisions\/1086"}],"wp:attachment":[{"href":"https:\/\/moseltransfer.gonzalez-transporte.de\/en\/wp-json\/wp\/v2\/media?parent=928"}],"curies":[{"name":"wp","href":"https:\/\/api.w.org\/{rel}","templated":true}]}}